{"id":528,"date":"2021-11-21T13:15:19","date_gmt":"2021-11-21T13:15:19","guid":{"rendered":"https:\/\/impreza25.us-themes.com\/?page_id=528"},"modified":"2024-04-04T18:37:18","modified_gmt":"2024-04-04T18:37:18","slug":"hotel","status":"publish","type":"page","link":"https:\/\/espacovivacce.com.br\/","title":{"rendered":"Home"},"content":{"rendered":"<section class=\"l-section wpb_row height_custom full_height valign_center color_primary with_slider\" id=\"home\"><div class=\"l-section-slider\"><div class=\"w-slider style_none fit_cover\"><div class=\"w-slider-h\"><div class=\"royalSlider\"><div class=\"rsContent\"><a class=\"rsImg\" data-rsw=\"1920\" data-rsh=\"1080\" href=\"https:\/\/espacovivacce.com.br\/wp-content\/uploads\/2023\/11\/1.jpg\"><span data-alt=\"\"><\/span><\/a><\/div><div class=\"rsContent\"><a class=\"rsImg\" data-rsw=\"867\" data-rsh=\"578\" href=\"https:\/\/espacovivacce.com.br\/wp-content\/uploads\/2023\/10\/4.jpg\"><span data-alt=\"\"><\/span><\/a><\/div><div class=\"rsContent\"><a class=\"rsImg\" data-rsw=\"811\" data-rsh=\"598\" href=\"https:\/\/espacovivacce.com.br\/wp-content\/uploads\/2023\/10\/3.jpg\"><span data-alt=\"\"><\/span><\/a><\/div><div class=\"rsContent\"><a class=\"rsImg\" data-rsw=\"1053\" data-rsh=\"790\" href=\"https:\/\/espacovivacce.com.br\/wp-content\/uploads\/2023\/10\/2.jpg\"><span data-alt=\"\"><\/span><\/a><\/div><\/div><img decoding=\"async\" src=\"https:\/\/espacovivacce.com.br\/wp-content\/uploads\/2023\/11\/1.jpg\" width=\"1920\" height=\"1080\" alt loading=\"lazy\"><\/div><div class=\"w-slider-json\" onclick='return {&quot;autoScaleSlider&quot;:true,&quot;loop&quot;:true,&quot;fadeInLoadedSlide&quot;:false,&quot;slidesSpacing&quot;:0,&quot;imageScalePadding&quot;:0,&quot;numImagesToPreload&quot;:2,&quot;arrowsNav&quot;:false,&quot;arrowsNavAutoHide&quot;:false,&quot;transitionType&quot;:&quot;fade&quot;,&quot;transitionSpeed&quot;:1000,&quot;block&quot;:{&quot;moveEffect&quot;:&quot;none&quot;,&quot;speed&quot;:300},&quot;thumbs&quot;:{&quot;fitInViewport&quot;:false},&quot;controlNavigation&quot;:&quot;none&quot;,&quot;autoplay&quot;:{&quot;enabled&quot;:true,&quot;pauseOnHover&quot;:false,&quot;delay&quot;:3000},&quot;imageScaleMode&quot;:&quot;fill&quot;,&quot;autoScaleSliderWidth&quot;:1920,&quot;autoScaleSliderHeight&quot;:1080}'><\/div><\/div><\/div><div class=\"l-section-h i-cf\"><div class=\"g-cols vc_row via_grid cols_2 laptops-cols_inherit tablets-cols_inherit mobiles-cols_1 valign_top type_default stacking_default\" style=\"grid-gap:0rem;\"><div class=\"wpb_column vc_column_container\"><div class=\"vc_column-inner\"><\/div><\/div><div class=\"wpb_column vc_column_container\"><div class=\"vc_column-inner\"><\/div><\/div><\/div><\/div><\/section><section class=\"l-section wpb_row height_auto full_height valign_center color_primary with_slider\" id=\"videos\"><div class=\"l-section-slider\"><div class=\"w-slider style_none fit_cover\"><div class=\"w-slider-h\"><div class=\"royalSlider\"><div class=\"rsContent\"><a class=\"rsImg\" data-rsw=\"2560\" data-rsh=\"1707\" href=\"https:\/\/espacovivacce.com.br\/wp-content\/uploads\/2023\/11\/8866812-scaled.jpg\"><span data-alt=\"\"><\/span><\/a><\/div><div class=\"rsContent\"><a class=\"rsImg\" data-rsw=\"2560\" data-rsh=\"1707\" href=\"https:\/\/espacovivacce.com.br\/wp-content\/uploads\/2023\/11\/8764038-scaled.jpg\"><span data-alt=\"\"><\/span><\/a><\/div><div class=\"rsContent\"><a class=\"rsImg\" data-rsw=\"1380\" data-rsh=\"920\" href=\"https:\/\/espacovivacce.com.br\/wp-content\/uploads\/2023\/11\/design-de-fundo-esmeralda_23-2150304120.jpg\"><span data-alt=\"\"><\/span><\/a><\/div><\/div><img decoding=\"async\" src=\"https:\/\/espacovivacce.com.br\/wp-content\/uploads\/2023\/11\/8866812-scaled.jpg\" width=\"2560\" height=\"1707\" alt loading=\"lazy\"><\/div><div class=\"w-slider-json\" onclick='return {&quot;autoScaleSlider&quot;:true,&quot;loop&quot;:true,&quot;fadeInLoadedSlide&quot;:false,&quot;slidesSpacing&quot;:0,&quot;imageScalePadding&quot;:0,&quot;numImagesToPreload&quot;:2,&quot;arrowsNav&quot;:false,&quot;arrowsNavAutoHide&quot;:false,&quot;transitionType&quot;:&quot;fade&quot;,&quot;transitionSpeed&quot;:1000,&quot;block&quot;:{&quot;moveEffect&quot;:&quot;none&quot;,&quot;speed&quot;:300},&quot;thumbs&quot;:{&quot;fitInViewport&quot;:false},&quot;controlNavigation&quot;:&quot;none&quot;,&quot;autoplay&quot;:{&quot;enabled&quot;:true,&quot;pauseOnHover&quot;:false,&quot;delay&quot;:3000},&quot;imageScaleMode&quot;:&quot;fill&quot;,&quot;autoScaleSliderWidth&quot;:2560,&quot;autoScaleSliderHeight&quot;:1707}'><\/div><\/div><\/div><div class=\"l-section-h i-cf\"><div class=\"g-cols vc_row via_grid cols_2 laptops-cols_inherit tablets-cols_inherit mobiles-cols_1 valign_top type_default stacking_default\" style=\"grid-gap:0rem;\"><div class=\"wpb_column vc_column_container\"><div class=\"vc_column-inner\"><div class=\"wpb_text_column\"><div class=\"wpb_wrapper\"><h2 style=\"text-align: center;\">CONHE\u00c7A-NOS<\/h2>\n<\/div><\/div><div class=\"w-separator size_medium\"><\/div><div class=\"wpb_text_column\"><div class=\"wpb_wrapper\"><p style=\"text-align: center;\">Clique no player e assista nosso video institucional, feito com muito carinho pra voc\u00eas!<\/p>\n<\/div><\/div><\/div><\/div><div class=\"wpb_column vc_column_container\"><div class=\"vc_column-inner\"><div class=\"w-video align_center ratio_16x9 with_overlay\" style=\"background-image:url(https:\/\/espacovivacce.com.br\/wp-content\/uploads\/2023\/10\/2.jpg);\" onclick=\"return {&quot;player_id&quot;:&quot;youtube-r709&quot;,&quot;player_api&quot;:&quot;\\\/\\\/www.youtube.com\\\/player_api&quot;,&quot;player_html&quot;:&quot;&lt;div id=\\&quot;youtube-r709\\&quot;&gt;&lt;\\\/div&gt;&lt;script&gt;\\r\\n\\t\\t\\tif ( window.USYTPlayers === undefined ) {\\r\\n\\t\\t\\t\\twindow.USYTPlayers = [];\\r\\n\\t\\t\\t}\\r\\n\\t\\t\\twindow.USYTPlayers.push( {\\r\\n\\t\\t\\t\\tplayerID: \\&quot;youtube-r709\\&quot;,\\r\\n\\t\\t\\t\\tvideoID: \\&quot;j9JPEjYrlhA\\&quot;,\\r\\n\\t\\t\\t\\tplayerVars: {\\&quot;origin\\&quot;:\\&quot;https:\\\\\\\/\\\\\\\/espacovivacce.com.br\\&quot;,\\&quot;controls\\&quot;:0,\\&quot;autoplay\\&quot;:1,\\&quot;playlist\\&quot;:\\&quot;j9JPEjYrlhA\\&quot;}\\t\\t\\t\\r\\n\\t\\t\\t} );\\r\\n\\t\\t\\tif ( window.USYTInited === undefined ) {\\r\\n\\t\\t\\t\\t\\\/\\\/ Trying to override other possible WP YT API calls if our element is used\\r\\n\\t\\t\\t\\twindow.USYTInited = true;\\r\\n\\t\\t\\t\\twindow.onYouTubePlayerAPIReady = function() {\\r\\n\\t\\t\\t\\t\\tfor ( var i in window.USYTPlayers ) {\\r\\n\\t\\t\\t\\t\\t\\tvar _playerParams = window.USYTPlayers[ i ];\\r\\n\\t\\t\\t\\t\\t\\t$us.YTPlayers[ _playerParams.playerID ] = new YT.Player( _playerParams.playerID, {\\r\\n\\t\\t\\t\\t\\t\\t\\tvideoId: _playerParams.videoID,\\r\\n\\t\\t\\t\\t\\t\\t\\tplayerVars: _playerParams.playerVars\\r\\n\\t\\t\\t\\t\\t\\t} );\\r\\n\\t\\t\\t\\t\\t}\\r\\n\\t\\t\\t\\t}\\r\\n\\t\\t\\t}\\r\\n\\t\\t\\tif ( !! window.YT ) {\\r\\n\\t\\t\\t\\t$us.YTPlayers[\\&quot;youtube-r709\\&quot;] = new YT.Player( \\&quot;youtube-r709\\&quot;, {\\r\\n\\t\\t\\t\\t\\tvideoId: \\&quot;j9JPEjYrlhA\\&quot;,\\r\\n\\t\\t\\t\\t\\tplayerVars: {\\&quot;origin\\&quot;:\\&quot;https:\\\\\\\/\\\\\\\/espacovivacce.com.br\\&quot;,\\&quot;controls\\&quot;:0,\\&quot;autoplay\\&quot;:1,\\&quot;playlist\\&quot;:\\&quot;j9JPEjYrlhA\\&quot;}\\r\\n\\t\\t\\t\\t} );\\r\\n\\t\\t\\t}\\r\\n\\t\\t&lt;\\\/script&gt;&quot;}\"><div class=\"w-video-h\"><\/div><div class=\"w-video-icon\" style=\"font-size:1.5rem;background:rgba(0,0,0,0.5);color:#ffffff\"><\/div><\/div><\/div><\/div><\/div><\/div><\/section><section class=\"l-section wpb_row height_custom\" id=\"sobre\"><div class=\"l-section-h i-cf\"><div class=\"g-cols vc_row via_grid cols_2 laptops-cols_inherit tablets-cols_inherit mobiles-cols_1 valign_top type_default stacking_default\" style=\"grid-gap:0rem;\"><div class=\"wpb_column vc_column_container\"><div class=\"vc_column-inner\"><div class=\"w-separator size_custom\" style=\"height:6vh\" id=\"m0f2\"><style>@media(max-width:1024px){ #m0f2{height:14hv!important}}@media(max-width:479px){ #m0f2{height:10hv!important}}<\/style><\/div><div class=\"wpb_text_column us_custom_7d39fe36 us_animate_this\"><div class=\"wpb_wrapper\"><h2 style=\"text-align: center;\">Quem somos<\/h2>\n<\/div><\/div><div class=\"w-separator size_medium\" id=\"t3f3\"><style>@media(max-width:600px){ #t3f3{height:5vh!important}}<\/style><\/div><div class=\"wpb_text_column us_custom_ef675d0d us_animate_this\"><div class=\"wpb_wrapper\"><p style=\"text-align: justify;\">Agora, suas celebra\u00e7\u00f5es mais singulares t\u00eam local certo para acontecer. O Espa\u00e7o Vivacce \u00e9 uma iniciativa que busca transformar seus momentos em lembran\u00e7as inesquec\u00edveis, com uma estrutura \u00fanica e uma produ\u00e7\u00e3o completa.<\/p>\n<p style=\"text-align: justify;\">Localizado em Cascavel &#8211; PR, o sal\u00e3o de eventos possui detalhes surpreendentes, oferecendo um ambiente inovador para voc\u00ea e seus convidados. Saiba o que podemos oferecer para suas celebra\u00e7\u00f5es e se surpreenda.<\/p>\n<\/div><\/div><div class=\"w-separator size_custom\" style=\"height:40px\"><\/div><div class=\"w-btn-wrapper align_center\"><button class=\"w-btn us-btn-style_21 us_custom_6c21c073 us_animate_this\"><span class=\"w-btn-label\">VEJA MAIS<\/span><\/button><\/div><\/div><\/div><div class=\"wpb_column vc_column_container\"><div class=\"vc_column-inner\"><div class=\"w-separator size_custom\" style=\"height:10vh\" id=\"mdeb\"><style>@media(max-width:1024px){ #mdeb{height:14hv!important}}@media(max-width:479px){ #mdeb{height:10hv!important}}<\/style><\/div><div class=\"w-image us_custom_6c21c073 us_animate_this align_center\"><div class=\"w-image-h\"><img loading=\"lazy\" decoding=\"async\" width=\"1053\" height=\"790\" src=\"https:\/\/espacovivacce.com.br\/wp-content\/uploads\/2023\/10\/2.jpg\" class=\"attachment-full size-full\" alt=\"\" srcset=\"https:\/\/espacovivacce.com.br\/wp-content\/uploads\/2023\/10\/2.jpg 1053w, https:\/\/espacovivacce.com.br\/wp-content\/uploads\/2023\/10\/2-300x225.jpg 300w, https:\/\/espacovivacce.com.br\/wp-content\/uploads\/2023\/10\/2-1024x768.jpg 1024w\" sizes=\"auto, (max-width: 1053px) 100vw, 1053px\" \/><\/div><\/div><\/div><\/div><\/div><\/div><\/section><section class=\"l-section wpb_row height_auto\"><div class=\"l-section-overlay\" style=\"background:#183631\"><\/div><div class=\"l-section-h i-cf\"><div class=\"g-cols vc_row via_grid cols_1 laptops-cols_inherit tablets-cols_inherit mobiles-cols_1 valign_top type_default stacking_default\"><div class=\"wpb_column vc_column_container\"><div class=\"vc_column-inner\"><div class=\"w-separator size_small\"><\/div><\/div><\/div><\/div><\/div><\/section><section class=\"l-section wpb_row height_small with_shape\" id=\"estrutura\"><div class=\"l-section-shape type_wave pos_bottom on_front hor_flip\" style=\"height:20vmin;color:#183631\"><svg xmlns=\"http:\/\/www.w3.org\/2000\/svg\" viewBox=\"0 4 64 4\" preserveAspectRatio=\"none\" width=\"100%\" height=\"100%\">\r\n\t<path fill=\"currentColor\" d=\"M64 6 C32 0 32 12 0 6 L0 8 L64 8 Z\"\/>\r\n<\/svg><\/div><div class=\"l-section-h i-cf\"><div class=\"g-cols vc_row via_grid cols_2 laptops-cols_inherit tablets-cols_inherit mobiles-cols_1 valign_middle type_default reversed stacking_default\" style=\"grid-gap:0rem;\"><div class=\"wpb_column vc_column_container\"><div class=\"vc_column-inner\"><div class=\"w-image us_custom_6c21c073 us_animate_this align_center\"><div class=\"w-image-h\"><img loading=\"lazy\" decoding=\"async\" width=\"811\" height=\"598\" src=\"https:\/\/espacovivacce.com.br\/wp-content\/uploads\/2023\/10\/3.jpg\" class=\"attachment-full size-full\" alt=\"\" srcset=\"https:\/\/espacovivacce.com.br\/wp-content\/uploads\/2023\/10\/3.jpg 811w, https:\/\/espacovivacce.com.br\/wp-content\/uploads\/2023\/10\/3-300x221.jpg 300w\" sizes=\"auto, (max-width: 811px) 100vw, 811px\" \/><\/div><\/div><\/div><\/div><div class=\"wpb_column vc_column_container\"><div class=\"vc_column-inner\"><div class=\"wpb_text_column us_custom_69a4c150 us_animate_this\"><div class=\"wpb_wrapper\"><h2 style=\"text-align: center;\">Estrutura<\/h2>\n<\/div><\/div><div class=\"w-separator size_medium\" id=\"w875\"><style>@media(max-width:600px){ #w875{height:5vh!important}}<\/style><\/div><div class=\"wpb_text_column us_custom_49ae70de us_animate_this\"><div class=\"wpb_wrapper\"><p style=\"text-align: justify;\">Nossa grande infraestrutura foi projetada especialmente para atender os mais diversos tipos de eventos, com uma capacidade ampla para diferentes eventos.<\/p>\n<p style=\"text-align: justify;\">Al\u00e9m disso, o espa\u00e7o valoriza as particularidades da vida e por esse motivo, apresenta uma \u00e1rea verde deslumbrante, incluindo uma cascata e um espelho d&#8217;\u00e1gua. Cada detalhe do nosso espa\u00e7o foi pensado para atender voc\u00ea da melhor forma, proporcionando todo o cuidado que os seus momentos precisam.<\/p>\n<p>Confira:<br \/>\n\u27a5 Revestimento em porcelanato;<br \/>\n\u27a5 Ilumina\u00e7\u00e3o em LED;<br \/>\n\u27a5 Pista de dan\u00e7a em madeira nobre;<br \/>\n\u27a5 Cozinha setorizada;<br \/>\n\u27a5 02 su\u00edtes com camarim;<br \/>\n\u27a5 Banheiro fam\u00edlia, masculino e feminino;<br \/>\n\u27a5 \u00c1rea exclusiva para bebidas;<br \/>\n\u27a5 Vesti\u00e1rio para funcion\u00e1rios;<br \/>\n\u27a5 800 cadeiras estofadas.<\/p>\n<\/div><\/div><div class=\"w-separator size_small\"><\/div><\/div><\/div><\/div><\/div><\/section><section class=\"l-section wpb_row height_auto with_shape\"><div class=\"l-section-shape type_wave pos_top on_front\" style=\"height:15vmin;color:#183631\"><svg xmlns=\"http:\/\/www.w3.org\/2000\/svg\" viewBox=\"0 4 64 4\" preserveAspectRatio=\"none\" width=\"100%\" height=\"100%\">\r\n\t<path fill=\"currentColor\" d=\"M64 6 C32 0 32 12 0 6 L0 8 L64 8 Z\"\/>\r\n<\/svg><\/div><div class=\"l-section-h i-cf\"><div class=\"g-cols vc_row via_grid cols_2 laptops-cols_inherit tablets-cols_inherit mobiles-cols_1 valign_top type_default stacking_default\" style=\"grid-gap:0rem;\"><div class=\"wpb_column vc_column_container\"><div class=\"vc_column-inner\"><div class=\"w-separator size_custom\" style=\"height:60px\"><\/div><div class=\"wpb_text_column us_custom_7d39fe36 us_animate_this\"><div class=\"wpb_wrapper\"><h5 style=\"text-align: center;\">Com o Espa\u00e7o Vivacce, voc\u00ea aproveita as suas comemora\u00e7\u00f5es com muito mais seguran\u00e7a e tranquilidade:<\/h5>\n<\/div><\/div><div class=\"w-separator size_medium\" id=\"g56f\"><style>@media(max-width:600px){ #g56f{height:5vh!important}}<\/style><\/div><div class=\"wpb_text_column us_custom_ef675d0d us_animate_this\"><div class=\"wpb_wrapper\"><p style=\"text-align: justify;\">\u27a5 \u00c1rea total &#8211; 2.300m2;<br \/>\n\u27a5 Ambiente sem pilares e degraus;<br \/>\n\u27a5 Totalmente climatizado;<br \/>\n\u27a5 Teto em gesso e telhado diferenciado;<br \/>\n\u27a5 Amplo estacionamento;<br \/>\n\u27a5 Palco com elevador de acessibilidade;<br \/>\n\u27a5 Monitorado por c\u00e2meras<\/p>\n<\/div><\/div><div class=\"w-separator size_custom\" style=\"height:20px\"><\/div><div class=\"wpb_text_column us_custom_7d39fe36 us_animate_this\"><div class=\"wpb_wrapper\"><h5 style=\"text-align: right;\">Um conceito inovador para casamentos, anivers\u00e1rios, festas e formaturas. Fale com a nossa equipe e viva seus momentos de uma nova forma.<\/h5>\n<\/div><\/div><div class=\"w-separator size_custom\" style=\"height:40px\"><\/div><div class=\"w-btn-wrapper align_center\"><button class=\"w-btn us-btn-style_21 us_custom_6c21c073 us_animate_this\"><span class=\"w-btn-label\">VEJA MAIS<\/span><\/button><\/div><\/div><\/div><div class=\"wpb_column vc_column_container\"><div class=\"vc_column-inner\"><div class=\"w-image us_custom_6c21c073 us_animate_this has_ratio align_center\"><div class=\"w-image-h\"><div style=\"padding-bottom:128.8889%\"><\/div><img loading=\"lazy\" decoding=\"async\" width=\"867\" height=\"578\" src=\"https:\/\/espacovivacce.com.br\/wp-content\/uploads\/2023\/10\/4.jpg\" class=\"attachment-full size-full\" alt=\"\" srcset=\"https:\/\/espacovivacce.com.br\/wp-content\/uploads\/2023\/10\/4.jpg 867w, https:\/\/espacovivacce.com.br\/wp-content\/uploads\/2023\/10\/4-300x200.jpg 300w\" sizes=\"auto, (max-width: 867px) 100vw, 867px\" \/><\/div><\/div><\/div><\/div><\/div><\/div><\/section><section class=\"l-section wpb_row height_small\"><div class=\"l-section-overlay\" style=\"background:#183631\"><\/div><div class=\"l-section-h i-cf\"><div class=\"g-cols vc_row via_grid cols_1 laptops-cols_inherit tablets-cols_inherit mobiles-cols_1 valign_top type_default stacking_default\"><div class=\"wpb_column vc_column_container\"><div class=\"vc_column-inner\"><div class=\"w-separator size_small\"><\/div><\/div><\/div><\/div><\/div><\/section><section class=\"l-section wpb_row height_auto full_height valign_center\" id=\"localizacao\"><div class=\"l-section-h i-cf\"><div class=\"g-cols vc_row via_grid cols_1 laptops-cols_inherit tablets-cols_inherit mobiles-cols_1 valign_top type_default stacking_default\"><div class=\"wpb_column vc_column_container\"><div class=\"vc_column-inner\"><div class=\"wpb_text_column\"><div class=\"wpb_wrapper\"><h2 style=\"text-align: center;\">LOCALIZA\u00c7\u00c3O<\/h2>\n<\/div><\/div><div class=\"wpb_text_column\"><div class=\"wpb_wrapper\"><p><iframe loading=\"lazy\" style=\"border: 0;\" src=\"https:\/\/www.google.com\/maps\/embed?pb=!1m14!1m8!1m3!1d14467.149863721124!2d-53.3719007!3d-24.9733447!3m2!1i1024!2i768!4f13.1!3m3!1m2!1s0x94f22ac3b457e96f%3A0x80e1db71db6b9684!2sEspa%C3%A7o%20Vivacce!5e0!3m2!1spt-BR!2sbr!4v1698871048113!5m2!1spt-BR!2sbr\" width=\"1300\" height=\"1000\" allowfullscreen=\"allowfullscreen\"><\/iframe><\/p>\n<\/div><\/div><\/div><\/div><\/div><\/div><\/section><section class=\"l-section wpb_row height_small\"><div class=\"l-section-overlay\" style=\"background:#183631\"><\/div><div class=\"l-section-h i-cf\"><div class=\"g-cols vc_row via_grid cols_1 laptops-cols_inherit tablets-cols_inherit mobiles-cols_1 valign_top type_default stacking_default\"><div class=\"wpb_column vc_column_container\"><div class=\"vc_column-inner\"><div class=\"w-separator size_small\"><\/div><\/div><\/div><\/div><\/div><\/section><section class=\"l-section wpb_row height_custom\" id=\"contato\"><div class=\"l-section-h i-cf\"><div class=\"g-cols vc_row via_grid cols_1 laptops-cols_inherit tablets-cols_inherit mobiles-cols_1 valign_top type_default stacking_default\"><div class=\"wpb_column vc_column_container\"><div class=\"vc_column-inner\"><div class=\"wpb_text_column\"><div class=\"wpb_wrapper\"><h2 style=\"text-align: center;\">FALE CONOSCO<\/h2>\n<\/div><\/div><div class=\"w-separator size_medium\"><\/div><div class=\"g-cols wpb_row via_grid cols_2 laptops-cols_inherit tablets-cols_inherit mobiles-cols_1 valign_top type_default stacking_default\"><div class=\"wpb_column vc_column_container\"><div class=\"vc_column-inner\"><div class=\"wpb_text_column us_custom_47474b22 us_animate_this\"><div class=\"wpb_wrapper\"><h4>Preencha o formul\u00e1rio e entre em contato para realizar seu or\u00e7amento, receber informa\u00e7\u00f5es ou sanar d\u00favidas:<\/h4>\n<\/div><\/div><\/div><\/div><div class=\"wpb_column vc_column_container\"><div class=\"vc_column-inner\"><form class=\"w-form  us_custom_861f554a us_animate_this layout_ver for_cform us_form_1\" autocomplete=\"off\" action=\"https:\/\/espacovivacce.com.br\/index.php\/wp-json\/wp\/v2\/pages\/528\" method=\"post\" style=\"--fields-gap:1.90rem\"><div class=\"w-form-h\"><div class=\"w-form-row for_text required\">\r\n\t\t<div class=\"w-form-row-field\">\r\n\t\t\t\t\t\t<input aria-label=\"Nome\" type=\"text\" name=\"us_form_1_text_1\" value placeholder=\"Nome *\" data-required=\"true\" aria-required=\"true\"\/>\r\n\t\t\t<\/div>\r\n\t\t<div class=\"w-form-row-state\">Preencha esse campo<\/div>\r\n<\/div>\r\n<div class=\"w-form-row for_email\">\r\n\t\t<div class=\"w-form-row-field\">\r\n\t\t\t\t\t\t<input aria-label=\"E-mail\" type=\"email\" name=\"us_form_1_email_1\" value placeholder=\"E-mail\"\/>\r\n\t\t\t<\/div>\r\n\t\t<div class=\"w-form-row-state\">Digite um endere\u00e7o de e-mail v\u00e1lido.<\/div>\r\n<\/div>\r\n<div class=\"w-form-row for_text required\">\r\n\t\t<div class=\"w-form-row-field\">\r\n\t\t\t\t\t\t<input aria-label=\"Celular\" inputmode=\"tel\" type=\"text\" name=\"us_form_1_text_2\" value placeholder=\"Celular *\" data-required=\"true\" aria-required=\"true\"\/>\r\n\t\t\t<\/div>\r\n\t\t<div class=\"w-form-row-state\">Preencha esse campo<\/div>\r\n<\/div>\r\n<input type=\"hidden\" name=\"action\" value=\"us_ajax_cform\" \/>\r\n<input type=\"hidden\" name=\"post_id\" value=\"0\" \/>\r\n<input type=\"hidden\" name=\"form_index\" value=\"1\" \/>\r\n<div class=\"w-form-row for_submit  align_none\">\r\n\t<button class=\"w-btn  us-btn-style_1\" aria-label=\"ENVIAR\" type=\"submit\">\r\n\t\t<span class=\"g-preloader type_1\"><\/span>\r\n\t\t\t\t<span class=\"w-btn-label\">ENVIAR<\/span>\r\n\t\t\t<\/button>\r\n\t<\/div>\r\n<\/div><div class=\"w-form-message\"><\/div><div class=\"w-form-json hidden\" onclick='return {&quot;ajaxurl&quot;:&quot;https:\\\/\\\/espacovivacce.com.br\\\/wp-admin\\\/admin-ajax.php&quot;,&quot;messages&quot;:{&quot;err_empty&quot;:&quot;Preencha esse campo&quot;,&quot;err_size&quot;:&quot;O tamanho do arquivo n\\u00e3o pode exceder %s MB&quot;,&quot;err_extension&quot;:&quot;O tipo de arquivo %s n\\u00e3o \\u00e9 permitido&quot;}}'><\/div><\/form><\/div><\/div><\/div><\/div><\/div><\/div><\/div><\/section>\n","protected":false},"excerpt":{"rendered":"CONHE\u00c7A-NOS Clique no player e assista nosso video institucional, feito com muito carinho pra voc\u00eas! Quem somos Agora, suas celebra\u00e7\u00f5es mais singulares t\u00eam local certo para acontecer. O Espa\u00e7o Vivacce \u00e9 uma iniciativa que busca transformar seus momentos em lembran\u00e7as inesquec\u00edveis, com uma estrutura \u00fanica e uma produ\u00e7\u00e3o completa. Localizado em Cascavel &#8211; PR, o...","protected":false},"author":1,"featured_media":0,"parent":0,"menu_order":0,"comment_status":"closed","ping_status":"closed","template":"","meta":{"footnotes":""},"class_list":["post-528","page","type-page","status-publish","hentry"],"yoast_head":"<!-- This site is optimized with the Yoast SEO plugin v21.5 - https:\/\/yoast.com\/wordpress\/plugins\/seo\/ -->\n<title>Home - Espa\u00e7o Vivacce<\/title>\n<meta name=\"robots\" content=\"index, follow, max-snippet:-1, max-image-preview:large, max-video-preview:-1\" \/>\n<link rel=\"canonical\" href=\"https:\/\/espacovivacce.com.br\/\" \/>\n<meta property=\"og:locale\" content=\"pt_BR\" \/>\n<meta property=\"og:type\" content=\"article\" \/>\n<meta property=\"og:title\" content=\"Home - Espa\u00e7o Vivacce\" \/>\n<meta property=\"og:url\" content=\"https:\/\/espacovivacce.com.br\/\" \/>\n<meta property=\"og:site_name\" content=\"Espa\u00e7o Vivacce\" \/>\n<meta property=\"article:modified_time\" content=\"2024-04-04T18:37:18+00:00\" \/>\n<meta name=\"twitter:card\" content=\"summary_large_image\" \/>\n<meta name=\"twitter:label1\" content=\"Est. tempo de leitura\" \/>\n\t<meta name=\"twitter:data1\" content=\"3 minutos\" \/>\n<script type=\"application\/ld+json\" class=\"yoast-schema-graph\">{\"@context\":\"https:\/\/schema.org\",\"@graph\":[{\"@type\":\"WebPage\",\"@id\":\"https:\/\/espacovivacce.com.br\/\",\"url\":\"https:\/\/espacovivacce.com.br\/\",\"name\":\"Home - Espa\u00e7o Vivacce\",\"isPartOf\":{\"@id\":\"https:\/\/espacovivacce.com.br\/#website\"},\"datePublished\":\"2021-11-21T13:15:19+00:00\",\"dateModified\":\"2024-04-04T18:37:18+00:00\",\"breadcrumb\":{\"@id\":\"https:\/\/espacovivacce.com.br\/#breadcrumb\"},\"inLanguage\":\"pt-BR\",\"potentialAction\":[{\"@type\":\"ReadAction\",\"target\":[\"https:\/\/espacovivacce.com.br\/\"]}]},{\"@type\":\"BreadcrumbList\",\"@id\":\"https:\/\/espacovivacce.com.br\/#breadcrumb\",\"itemListElement\":[{\"@type\":\"ListItem\",\"position\":1,\"name\":\"In\u00edcio\",\"item\":\"https:\/\/espacovivacce.com.br\/\"},{\"@type\":\"ListItem\",\"position\":2,\"name\":\"Home\"}]},{\"@type\":\"WebSite\",\"@id\":\"https:\/\/espacovivacce.com.br\/#website\",\"url\":\"https:\/\/espacovivacce.com.br\/\",\"name\":\"Espa\u00e7o Vivacce\",\"description\":\"\",\"potentialAction\":[{\"@type\":\"SearchAction\",\"target\":{\"@type\":\"EntryPoint\",\"urlTemplate\":\"https:\/\/espacovivacce.com.br\/?s={search_term_string}\"},\"query-input\":\"required name=search_term_string\"}],\"inLanguage\":\"pt-BR\"}]}<\/script>\n<!-- \/ Yoast SEO plugin. -->","yoast_head_json":{"title":"Home - Espa\u00e7o Vivacce","robots":{"index":"index","follow":"follow","max-snippet":"max-snippet:-1","max-image-preview":"max-image-preview:large","max-video-preview":"max-video-preview:-1"},"canonical":"https:\/\/espacovivacce.com.br\/","og_locale":"pt_BR","og_type":"article","og_title":"Home - Espa\u00e7o Vivacce","og_url":"https:\/\/espacovivacce.com.br\/","og_site_name":"Espa\u00e7o Vivacce","article_modified_time":"2024-04-04T18:37:18+00:00","twitter_card":"summary_large_image","twitter_misc":{"Est. tempo de leitura":"3 minutos"},"schema":{"@context":"https:\/\/schema.org","@graph":[{"@type":"WebPage","@id":"https:\/\/espacovivacce.com.br\/","url":"https:\/\/espacovivacce.com.br\/","name":"Home - Espa\u00e7o Vivacce","isPartOf":{"@id":"https:\/\/espacovivacce.com.br\/#website"},"datePublished":"2021-11-21T13:15:19+00:00","dateModified":"2024-04-04T18:37:18+00:00","breadcrumb":{"@id":"https:\/\/espacovivacce.com.br\/#breadcrumb"},"inLanguage":"pt-BR","potentialAction":[{"@type":"ReadAction","target":["https:\/\/espacovivacce.com.br\/"]}]},{"@type":"BreadcrumbList","@id":"https:\/\/espacovivacce.com.br\/#breadcrumb","itemListElement":[{"@type":"ListItem","position":1,"name":"In\u00edcio","item":"https:\/\/espacovivacce.com.br\/"},{"@type":"ListItem","position":2,"name":"Home"}]},{"@type":"WebSite","@id":"https:\/\/espacovivacce.com.br\/#website","url":"https:\/\/espacovivacce.com.br\/","name":"Espa\u00e7o Vivacce","description":"","potentialAction":[{"@type":"SearchAction","target":{"@type":"EntryPoint","urlTemplate":"https:\/\/espacovivacce.com.br\/?s={search_term_string}"},"query-input":"required name=search_term_string"}],"inLanguage":"pt-BR"}]}},"_links":{"self":[{"href":"https:\/\/espacovivacce.com.br\/index.php\/wp-json\/wp\/v2\/pages\/528","targetHints":{"allow":["GET"]}}],"collection":[{"href":"https:\/\/espacovivacce.com.br\/index.php\/wp-json\/wp\/v2\/pages"}],"about":[{"href":"https:\/\/espacovivacce.com.br\/index.php\/wp-json\/wp\/v2\/types\/page"}],"author":[{"embeddable":true,"href":"https:\/\/espacovivacce.com.br\/index.php\/wp-json\/wp\/v2\/users\/1"}],"replies":[{"embeddable":true,"href":"https:\/\/espacovivacce.com.br\/index.php\/wp-json\/wp\/v2\/comments?post=528"}],"version-history":[{"count":81,"href":"https:\/\/espacovivacce.com.br\/index.php\/wp-json\/wp\/v2\/pages\/528\/revisions"}],"predecessor-version":[{"id":1069,"href":"https:\/\/espacovivacce.com.br\/index.php\/wp-json\/wp\/v2\/pages\/528\/revisions\/1069"}],"wp:attachment":[{"href":"https:\/\/espacovivacce.com.br\/index.php\/wp-json\/wp\/v2\/media?parent=528"}],"curies":[{"name":"wp","href":"https:\/\/api.w.org\/{rel}","templated":true}]}}